{"id":2,"date":"2026-02-19T12:51:24","date_gmt":"2026-02-19T12:51:24","guid":{"rendered":"http:\/\/cokug.mur.at\/wordpress\/?page_id=2"},"modified":"2026-03-18T12:32:36","modified_gmt":"2026-03-18T12:32:36","slug":"sample-page","status":"publish","type":"page","link":"https:\/\/cokug.mur.at\/","title":{"rendered":"CoKuG &#8211; ComicKulturGraz"},"content":{"rendered":"\n<figure class=\"wp-block-image aligncenter size-full is-resized\"><img decoding=\"async\" src=\"https:\/\/cokug.mur.at\/wp-content\/uploads\/2026\/02\/Logo_col-frei.svg\" alt=\"\" class=\"wp-image-52\" style=\"aspect-ratio:0.7510468852736091;width:336px;height:auto\"\/><\/figure>\n\n\n\n<p class=\"has-text-align-center\">Wir sind eine inklusive Gruppierung von Comickulturinteressent:Innen der Stadt Graz.<\/p>\n\n\n\n<p class=\"has-text-align-center\">Unsere Treffen sind f\u00fcr alle offen und frei zug\u00e4nglich! <br>Diese finden \u00fcblicherweise am letzten Montag aller Monate statt.<\/p>\n\n\n\n<p class=\"has-text-align-center\">Wir feiern das Medium und das Mitmachen!<\/p>\n\n\n\n<p class=\"has-text-align-center\">\u2013 Es m\u00f6ge partizipiert werden \u2013<\/p>\n\n\n\n<h2 class=\"wp-block-heading has-text-align-center\">Themenfokusse:<\/h2>\n\n\n\n<ul class=\"wp-block-list\">\n<li><a href=\"https:\/\/stadtbibliothek.graz.at\/Veranstaltungen\/details\/34585\/\">Comic-Jams<\/a> (<a href=\"https:\/\/drive.google.com\/drive\/folders\/1wIIyF6dIw4QJBzVDxr2dek6c15eg988a?usp=drive_link\" data-type=\"link\" data-id=\"https:\/\/drive.google.com\/drive\/folders\/1wIIyF6dIw4QJBzVDxr2dek6c15eg988a?usp=drive_link\">Comicgallerie<\/a>)<\/li>\n\n\n\n<li>Workshops<\/li>\n\n\n\n<li>Tech-Talk<\/li>\n\n\n\n<li>Diskursive Stammtischgespr\u00e4che<\/li>\n<\/ul>\n\n\n\n<h2 class=\"wp-block-heading has-text-align-center\">Links &amp; Partner:<\/h2>\n\n\n\n<ul class=\"wp-block-list\">\n<li><a href=\"https:\/\/stadtbibliothek.graz.at\/\" data-type=\"link\" data-id=\"https:\/\/stadtbibliothek.graz.at\/\">Stadtbibliothek Graz<\/a><\/li>\n\n\n\n<li><a href=\"https:\/\/www.instagram.com\/comickulturgraz\/\" data-type=\"link\" data-id=\"https:\/\/www.instagram.com\/comickulturgraz\/\">Instagram<\/a><\/li>\n\n\n\n<li><a href=\"https:\/\/www.facebook.com\/groups\/cokug\" data-type=\"link\" data-id=\"https:\/\/www.facebook.com\/groups\/cokug\">Facebook<\/a><\/li>\n\n\n\n<li><a href=\"https:\/\/nerdkulturgraz.at\/\" data-type=\"link\" data-id=\"https:\/\/nerdkulturgraz.at\/\">Nerdkultur Graz<\/a><\/li>\n<\/ul>\n\n\n\n<h2 class=\"wp-block-heading has-text-align-center\">Impressum:<\/h2>\n\n\n\n<p class=\"has-text-align-center\">CoKuG &#8211; ComicKulturGraz<br><a href=\"http:\/\/www.cokug.mur.at\">www.cokug.mur.at<\/a><br><a href=\"mailto:cokug@mur.at\">cokug@mur.at<\/a><\/p>\n","protected":false},"excerpt":{"rendered":"<p>Wir sind eine inklusive Gruppierung von Comickulturinteressent:Innen der Stadt Graz. Unsere Treffen sind f\u00fcr alle offen und frei zug\u00e4nglich! Diese finden \u00fcblicherweise am letzten Montag aller Monate statt. Wir feiern das Medium und das Mitmachen! \u2013 Es m\u00f6ge partizipiert werden \u2013 Themenfokusse: Links &amp; Partner: Impressum: CoKuG &#8211; ComicKulturGrazwww.cokug.mur.atcokug@mur.at<\/p>\n","protected":false},"author":1,"featured_media":0,"parent":0,"menu_order":0,"comment_status":"closed","ping_status":"open","template":"","meta":{"footnotes":""},"class_list":["post-2","page","type-page","status-publish","hentry"],"_links":{"self":[{"href":"https:\/\/cokug.mur.at\/index.php?rest_route=\/wp\/v2\/pages\/2","targetHints":{"allow":["GET"]}}],"collection":[{"href":"https:\/\/cokug.mur.at\/index.php?rest_route=\/wp\/v2\/pages"}],"about":[{"href":"https:\/\/cokug.mur.at\/index.php?rest_route=\/wp\/v2\/types\/page"}],"author":[{"embeddable":true,"href":"https:\/\/cokug.mur.at\/index.php?rest_route=\/wp\/v2\/users\/1"}],"replies":[{"embeddable":true,"href":"https:\/\/cokug.mur.at\/index.php?rest_route=%2Fwp%2Fv2%2Fcomments&post=2"}],"version-history":[{"count":24,"href":"https:\/\/cokug.mur.at\/index.php?rest_route=\/wp\/v2\/pages\/2\/revisions"}],"predecessor-version":[{"id":64,"href":"https:\/\/cokug.mur.at\/index.php?rest_route=\/wp\/v2\/pages\/2\/revisions\/64"}],"wp:attachment":[{"href":"https:\/\/cokug.mur.at\/index.php?rest_route=%2Fwp%2Fv2%2Fmedia&parent=2"}],"curies":[{"name":"wp","href":"https:\/\/api.w.org\/{rel}","templated":true}]}}